{"id":2174,"date":"2025-05-05T15:40:12","date_gmt":"2025-05-05T13:40:12","guid":{"rendered":"https:\/\/domitia-maisondecuisinier.fr\/?page_id=2174"},"modified":"2026-05-11T14:58:58","modified_gmt":"2026-05-11T12:58:58","slug":"fete-des-meres","status":"publish","type":"page","link":"https:\/\/domitia-maisondecuisinier.fr\/index.php\/fete-des-meres\/","title":{"rendered":"F\u00eate des m\u00e8res"},"content":{"rendered":"<p>[et_pb_section fb_built=\u00a0\u00bb1&Prime; _builder_version=\u00a0\u00bb4.23.1&Prime; _module_preset=\u00a0\u00bbdefault\u00a0\u00bb background_enable_color=\u00a0\u00bboff\u00a0\u00bb background_image=\u00a0\u00bbhttp:\/\/domitia-maisondecuisinier.fr\/wp-content\/uploads\/2023\/12\/Fond-Cartes-Domitia-Gordes-scaled.jpg\u00a0\u00bb custom_padding=\u00a0\u00bb0px||0px|||\u00a0\u00bb background_last_edited=\u00a0\u00bbon|phone\u00a0\u00bb background_enable_color_phone=\u00a0\u00bboff\u00a0\u00bb background_image_phone=\u00a0\u00bbhttp:\/\/domitia-maisondecuisinier.fr\/wp-content\/uploads\/2023\/12\/Fond-Cartes-Domitia-Mobile.jpg\u00a0\u00bb background_enable_image_phone=\u00a0\u00bbon\u00a0\u00bb global_colors_info=\u00a0\u00bb{}\u00a0\u00bb][et_pb_row _builder_version=\u00a0\u00bb4.23.1&Prime; _module_preset=\u00a0\u00bbdefault\u00a0\u00bb custom_padding=\u00a0\u00bb44px||0px||false|false\u00a0\u00bb global_colors_info=\u00a0\u00bb{}\u00a0\u00bb][et_pb_column type=\u00a0\u00bb4_4&Prime; _builder_version=\u00a0\u00bb4.23.1&Prime; _module_preset=\u00a0\u00bbdefault\u00a0\u00bb global_colors_info=\u00a0\u00bb{}\u00a0\u00bb][et_pb_text _builder_version=\u00a0\u00bb4.23.1&Prime; _module_preset=\u00a0\u00bbdefault\u00a0\u00bb text_font=\u00a0\u00bbAbyssinica SIL|||on|||||\u00a0\u00bb text_font_size=\u00a0\u00bb17px\u00a0\u00bb header_font=\u00a0\u00bbNunito Sans||||||||\u00a0\u00bb header_text_color=\u00a0\u00bb#FFFFFF\u00a0\u00bb header_font_size=\u00a0\u00bb28px\u00a0\u00bb header_letter_spacing=\u00a0\u00bb3px\u00a0\u00bb header_line_height=\u00a0\u00bb1.2em\u00a0\u00bb text_orientation=\u00a0\u00bbcenter\u00a0\u00bb custom_margin=\u00a0\u00bb5px||1px||false|false\u00a0\u00bb custom_margin_tablet=\u00a0\u00bb5px||1px||false|false\u00a0\u00bb custom_margin_phone=\u00a0\u00bb5px||1px||false|false\u00a0\u00bb custom_margin_last_edited=\u00a0\u00bboff|phone\u00a0\u00bb custom_padding=\u00a0\u00bb||0px|||\u00a0\u00bb hover_enabled=\u00a0\u00bb0&Prime; header_font_size_tablet=\u00a0\u00bb28px\u00a0\u00bb header_font_size_phone=\u00a0\u00bb22px\u00a0\u00bb header_font_size_last_edited=\u00a0\u00bbon|phone\u00a0\u00bb global_colors_info=\u00a0\u00bb{}\u00a0\u00bb sticky_enabled=\u00a0\u00bb0&Prime;]<\/p>\n<h1>F\u00eates des mamans 2026<\/h1>\n<p>[\/et_pb_text][et_pb_text _builder_version=\u00a0\u00bb4.23.1&Prime; _module_preset=\u00a0\u00bbdefault\u00a0\u00bb text_font=\u00a0\u00bbInria Serif|700|||||||\u00a0\u00bb text_text_color=\u00a0\u00bb#FFFFFF\u00a0\u00bb text_font_size=\u00a0\u00bb27px\u00a0\u00bb text_line_height=\u00a0\u00bb1.2em\u00a0\u00bb header_font=\u00a0\u00bbNunito Sans|300|||||||\u00a0\u00bb header_text_color=\u00a0\u00bb#aa2200&Prime; header_2_font=\u00a0\u00bbNunito Sans|600|||||||\u00a0\u00bb header_2_text_color=\u00a0\u00bb#aa2200&Prime; header_2_font_size=\u00a0\u00bb22px\u00a0\u00bb header_2_line_height=\u00a0\u00bb1.2em\u00a0\u00bb text_orientation=\u00a0\u00bbcenter\u00a0\u00bb custom_margin=\u00a0\u00bb||18px||false|false\u00a0\u00bb custom_padding=\u00a0\u00bb0px||0px|||\u00a0\u00bb animation_style=\u00a0\u00bbfade\u00a0\u00bb text_font_size_tablet=\u00a0\u00bb27px\u00a0\u00bb text_font_size_phone=\u00a0\u00bb25px\u00a0\u00bb text_font_size_last_edited=\u00a0\u00bbon|phone\u00a0\u00bb global_colors_info=\u00a0\u00bb{}\u00a0\u00bb]<\/p>\n<p>Le Printemps dans l\u2019Assiette !<\/p>\n<p>[\/et_pb_text][et_pb_text _builder_version=\u00a0\u00bb4.23.1&Prime; _module_preset=\u00a0\u00bbdefault\u00a0\u00bb text_font=\u00a0\u00bbNunito Sans|600|||||||\u00a0\u00bb text_text_color=\u00a0\u00bb#FFFFFF\u00a0\u00bb text_font_size=\u00a0\u00bb20px\u00a0\u00bb text_line_height=\u00a0\u00bb1.2em\u00a0\u00bb header_font=\u00a0\u00bbNunito Sans|300|||||||\u00a0\u00bb header_text_color=\u00a0\u00bb#aa2200&Prime; header_2_font=\u00a0\u00bbNunito Sans|600|||||||\u00a0\u00bb header_2_text_color=\u00a0\u00bb#FFFFFF\u00a0\u00bb header_2_font_size=\u00a0\u00bb20px\u00a0\u00bb header_2_line_height=\u00a0\u00bb1.2em\u00a0\u00bb text_orientation=\u00a0\u00bbcenter\u00a0\u00bb custom_margin=\u00a0\u00bb-9px||22px||false|false\u00a0\u00bb custom_padding=\u00a0\u00bb9px|||||\u00a0\u00bb animation_style=\u00a0\u00bbfade\u00a0\u00bb hover_enabled=\u00a0\u00bb0&Prime; text_font_size_tablet=\u00a0\u00bb20px\u00a0\u00bb text_font_size_phone=\u00a0\u00bb19px\u00a0\u00bb text_font_size_last_edited=\u00a0\u00bbon|phone\u00a0\u00bb global_colors_info=\u00a0\u00bb{}\u00a0\u00bb sticky_enabled=\u00a0\u00bb0&Prime;]<\/p>\n<p><strong>Dimanche 24 Mai<\/strong><\/p>\n<p>[\/et_pb_text][et_pb_text _builder_version=\u00a0\u00bb4.23.1&Prime; _module_preset=\u00a0\u00bbdefault\u00a0\u00bb text_font=\u00a0\u00bbNunito Sans|600|||||||\u00a0\u00bb text_text_color=\u00a0\u00bb#FFFFFF\u00a0\u00bb text_font_size=\u00a0\u00bb20px\u00a0\u00bb text_line_height=\u00a0\u00bb1.2em\u00a0\u00bb header_font=\u00a0\u00bbNunito Sans|300|||||||\u00a0\u00bb header_text_color=\u00a0\u00bb#aa2200&Prime; header_2_font=\u00a0\u00bbNunito Sans|600|||||||\u00a0\u00bb header_2_text_color=\u00a0\u00bb#FFFFFF\u00a0\u00bb header_2_font_size=\u00a0\u00bb20px\u00a0\u00bb header_2_line_height=\u00a0\u00bb1.2em\u00a0\u00bb text_orientation=\u00a0\u00bbcenter\u00a0\u00bb custom_margin=\u00a0\u00bb-9px||22px||false|false\u00a0\u00bb custom_padding=\u00a0\u00bb9px|||||\u00a0\u00bb animation_style=\u00a0\u00bbfade\u00a0\u00bb text_font_size_tablet=\u00a0\u00bb20px\u00a0\u00bb text_font_size_phone=\u00a0\u00bb19px\u00a0\u00bb text_font_size_last_edited=\u00a0\u00bbon|phone\u00a0\u00bb global_colors_info=\u00a0\u00bb{}\u00a0\u00bb]<\/p>\n<p>Servi au d\u00e9jeuner et au d\u00eener<\/p>\n<p>[\/et_pb_text][et_pb_divider color=\u00a0\u00bb#FFFFFF\u00a0\u00bb divider_weight=\u00a0\u00bb1px\u00a0\u00bb _builder_version=\u00a0\u00bb4.23.1&Prime; _module_preset=\u00a0\u00bbdefault\u00a0\u00bb custom_margin=\u00a0\u00bb||2px||false|false\u00a0\u00bb custom_margin_tablet=\u00a0\u00bb||2px||false|false\u00a0\u00bb custom_margin_phone=\u00a0\u00bb-25px||2px||false|false\u00a0\u00bb custom_margin_last_edited=\u00a0\u00bboff|desktop\u00a0\u00bb custom_padding=\u00a0\u00bb||0px|||\u00a0\u00bb animation_style=\u00a0\u00bbslide\u00a0\u00bb animation_direction=\u00a0\u00bbleft\u00a0\u00bb global_colors_info=\u00a0\u00bb{}\u00a0\u00bb][\/et_pb_divider][\/et_pb_column][\/et_pb_row][et_pb_row _builder_version=\u00a0\u00bb4.23.1&Prime; _module_preset=\u00a0\u00bbdefault\u00a0\u00bb custom_padding=\u00a0\u00bb5px||0px|||\u00a0\u00bb global_colors_info=\u00a0\u00bb{}\u00a0\u00bb][et_pb_column type=\u00a0\u00bb4_4&Prime; _builder_version=\u00a0\u00bb4.23.1&Prime; _module_preset=\u00a0\u00bbdefault\u00a0\u00bb global_colors_info=\u00a0\u00bb{}\u00a0\u00bb][et_pb_text _builder_version=\u00a0\u00bb4.23.1&Prime; _module_preset=\u00a0\u00bbdefault\u00a0\u00bb text_font=\u00a0\u00bbNunito Sans|600|||||||\u00a0\u00bb text_text_color=\u00a0\u00bb#FFFFFF\u00a0\u00bb text_font_size=\u00a0\u00bb20px\u00a0\u00bb text_line_height=\u00a0\u00bb1.2em\u00a0\u00bb header_font=\u00a0\u00bbNunito Sans|300|||||||\u00a0\u00bb header_text_color=\u00a0\u00bb#aa2200&Prime; header_2_font=\u00a0\u00bbNunito Sans|600|||||||\u00a0\u00bb header_2_text_color=\u00a0\u00bb#FFFFFF\u00a0\u00bb header_2_font_size=\u00a0\u00bb20px\u00a0\u00bb header_2_line_height=\u00a0\u00bb1.2em\u00a0\u00bb text_orientation=\u00a0\u00bbcenter\u00a0\u00bb custom_margin=\u00a0\u00bb-9px||14px||false|false\u00a0\u00bb custom_padding=\u00a0\u00bb6px|||||\u00a0\u00bb animation_style=\u00a0\u00bbfade\u00a0\u00bb text_font_size_tablet=\u00a0\u00bb20px\u00a0\u00bb text_font_size_phone=\u00a0\u00bb19px\u00a0\u00bb text_font_size_last_edited=\u00a0\u00bbon|phone\u00a0\u00bb global_colors_info=\u00a0\u00bb{}\u00a0\u00bb]<\/p>\n<p><strong>Menu \u00e0 89 euros<\/strong><\/p>\n<p>[\/et_pb_text][\/et_pb_column][\/et_pb_row][et_pb_row _builder_version=\u00a0\u00bb4.23.1&Prime; _module_preset=\u00a0\u00bbdefault\u00a0\u00bb width=\u00a0\u00bb94%\u00a0\u00bb custom_margin=\u00a0\u00bb|auto|11px|auto|false|false\u00a0\u00bb custom_padding=\u00a0\u00bb0px||0px|||\u00a0\u00bb border_color_all=\u00a0\u00bb#FFFFFF\u00a0\u00bb global_colors_info=\u00a0\u00bb{}\u00a0\u00bb][et_pb_column type=\u00a0\u00bb4_4&Prime; _builder_version=\u00a0\u00bb4.23.1&Prime; _module_preset=\u00a0\u00bbdefault\u00a0\u00bb global_colors_info=\u00a0\u00bb{}\u00a0\u00bb][et_pb_text _builder_version=\u00a0\u00bb4.23.1&Prime; _module_preset=\u00a0\u00bbdefault\u00a0\u00bb text_font=\u00a0\u00bbInria Serif||||||||\u00a0\u00bb text_text_color=\u00a0\u00bb#FFFFFF\u00a0\u00bb text_font_size=\u00a0\u00bb19px\u00a0\u00bb text_line_height=\u00a0\u00bb1.3em\u00a0\u00bb header_font=\u00a0\u00bbNunito Sans|300|||||||\u00a0\u00bb header_text_color=\u00a0\u00bb#aa2200&Prime; header_2_font=\u00a0\u00bbNunito Sans|600|||||||\u00a0\u00bb header_2_text_color=\u00a0\u00bb#aa2200&Prime; header_2_font_size=\u00a0\u00bb20px\u00a0\u00bb header_2_line_height=\u00a0\u00bb1.2em\u00a0\u00bb text_orientation=\u00a0\u00bbcenter\u00a0\u00bb width=\u00a0\u00bb93%\u00a0\u00bb module_alignment=\u00a0\u00bbcenter\u00a0\u00bb custom_margin=\u00a0\u00bb5px||5px||false|false\u00a0\u00bb custom_padding=\u00a0\u00bb0px||0px|||\u00a0\u00bb animation_style=\u00a0\u00bbfade\u00a0\u00bb border_color_all=\u00a0\u00bb#FFFFFF\u00a0\u00bb global_colors_info=\u00a0\u00bb{}\u00a0\u00bb]<\/p>\n<p>Notre<strong> tarama<\/strong> \u00e0 partager \u00e0 l\u2019ap\u00e9ritif<br \/>***<br \/><strong>Foie gras de canard<\/strong> (Fr) confit, chutney fraises, sorbet fraises balsamique, petite brioche aux fraises<br \/>***<br \/><strong>Homard Canadien<\/strong>, sa chair nacr\u00e9e dans un beurre au gingembre, asperges vertes, jus de carapaces aux algues et citron yuzu<br \/>***<br \/><strong>Ris de veau<\/strong> dor\u00e9, l\u00e9gumes verts du Printemps, un curry vert coco pour saucer, condiment ail noir, un l\u00e2cher d\u2019herbes fra\u00eeches.<br \/>(Possibilit\u00e9 de remplacer le ris de veau par du filet de veau)<br \/>***<br \/><strong>Brousse de ch\u00e8vre<\/strong> de Bonnieux, gel\u00e9e de fleurs de lilas<br \/>***<br \/><strong>Baba<\/strong> au marasquin et<strong> cerises<\/strong> acidul\u00e9es, glace au riz au lait<br \/>***<br \/>Mignardises<\/p>\n<p>[\/et_pb_text][\/et_pb_column][\/et_pb_row][et_pb_row _builder_version=\u00a0\u00bb4.23.1&Prime; _module_preset=\u00a0\u00bbdefault\u00a0\u00bb global_colors_info=\u00a0\u00bb{}\u00a0\u00bb][et_pb_column type=\u00a0\u00bb4_4&Prime; _builder_version=\u00a0\u00bb4.23.1&Prime; _module_preset=\u00a0\u00bbdefault\u00a0\u00bb global_colors_info=\u00a0\u00bb{}\u00a0\u00bb][et_pb_text _builder_version=\u00a0\u00bb4.23.1&Prime; _module_preset=\u00a0\u00bbdefault\u00a0\u00bb text_font=\u00a0\u00bbInria Serif|700|||||||\u00a0\u00bb text_text_color=\u00a0\u00bb#FFFFFF\u00a0\u00bb text_font_size=\u00a0\u00bb17px\u00a0\u00bb text_line_height=\u00a0\u00bb1.2em\u00a0\u00bb header_font=\u00a0\u00bbNunito Sans|300|||||||\u00a0\u00bb header_text_color=\u00a0\u00bb#aa2200&Prime; header_2_font=\u00a0\u00bbNunito Sans|600|||||||\u00a0\u00bb header_2_text_color=\u00a0\u00bb#aa2200&Prime; header_2_font_size=\u00a0\u00bb20px\u00a0\u00bb header_2_line_height=\u00a0\u00bb1.2em\u00a0\u00bb text_orientation=\u00a0\u00bbcenter\u00a0\u00bb custom_margin=\u00a0\u00bb9px||9px||true|false\u00a0\u00bb custom_padding=\u00a0\u00bb0px||0px|||\u00a0\u00bb animation_style=\u00a0\u00bbfade\u00a0\u00bb global_colors_info=\u00a0\u00bb{}\u00a0\u00bb]<\/p>\n<p><span style=\"text-decoration: underline;\">La cuisine que nous vous proposons peut contenir des substances<\/span><br \/><span style=\"text-decoration: underline;\">allerg\u00e8nes dont la liste est disponible sur demande de votre part<\/span><br \/><span style=\"text-decoration: underline;\">conform\u00e9ment \u00e0 l\u2019annexe II du r\u00e8glement CE 1169\/2011 et au d\u00e9cret<\/span><br \/><span style=\"text-decoration: underline;\">n\u00b02015-447 du 17 avril 2015. <\/span><\/p>\n<p>[\/et_pb_text][\/et_pb_column][\/et_pb_row][\/et_pb_section]<\/p>\n","protected":false},"excerpt":{"rendered":"<p>F\u00eates des mamans 2026Le Printemps dans l\u2019Assiette !Dimanche 24 MaiServi au d\u00e9jeuner et au d\u00eenerMenu \u00e0 89 eurosNotre tarama \u00e0 partager \u00e0 l\u2019ap\u00e9ritif***Foie gras de canard (Fr) confit, chutney fraises, sorbet fraises balsamique, petite brioche aux fraises***Homard Canadien, sa chair nacr\u00e9e dans un beurre au gingembre, asperges vertes, jus de carapaces aux algues et citron yuzu***Ris de veau dor\u00e9, l\u00e9gumes verts du Printemps, un curry vert coco pour saucer, condiment ail noir, un l\u00e2cher d\u2019herbes fra\u00eeches.(Possibilit\u00e9 de remplacer le ris de veau par du filet de veau)***Brousse de ch\u00e8vre de Bonnieux, gel\u00e9e de fleurs de lilas***Baba au marasquin et cerises acidul\u00e9es, glace au riz au lait***MignardisesLa cuisine que nous vous proposons peut contenir des substancesallerg\u00e8nes dont la liste est disponible sur demande de votre partconform\u00e9ment \u00e0 l\u2019annexe II du r\u00e8glement CE 1169\/2011 et au d\u00e9cretn\u00b02015-447 du 17 avril 2015.<\/p>\n","protected":false},"author":1,"featured_media":0,"parent":0,"menu_order":0,"comment_status":"closed","ping_status":"closed","template":"","meta":{"_et_pb_use_builder":"on","_et_pb_old_content":"","_et_gb_content_width":"","_monsterinsights_skip_tracking":false,"_monsterinsights_sitenote_active":false,"_monsterinsights_sitenote_note":"","_monsterinsights_sitenote_category":0,"footnotes":""},"class_list":["post-2174","page","type-page","status-publish","hentry"],"yoast_head":"<!-- This site is optimized with the Yoast SEO plugin v27.6 - https:\/\/yoast.com\/product\/yoast-seo-wordpress\/ -->\n<title>F\u00eate des m\u00e8res - Domitia Maison de Cuisinier<\/title>\n<meta name=\"description\" content=\"C\u00e9l\u00e9brez la f\u00eate des m\u00e8res au restaurant Domitia aux Beaumettes : menu \u00e0 89\u20ac avec homard canadien, ris de veau et desserts gourmands. R\u00e9servez vite !\" \/>\n<meta name=\"robots\" content=\"index, follow, max-snippet:-1, max-image-preview:large, max-video-preview:-1\" \/>\n<link rel=\"canonical\" href=\"https:\/\/domitia-maisondecuisinier.fr\/index.php\/fete-des-meres\/\" \/>\n<meta property=\"og:locale\" content=\"fr_FR\" \/>\n<meta property=\"og:type\" content=\"article\" \/>\n<meta property=\"og:title\" content=\"F\u00eate des m\u00e8res - Domitia Maison de Cuisinier\" \/>\n<meta property=\"og:description\" content=\"C\u00e9l\u00e9brez la f\u00eate des m\u00e8res au restaurant Domitia aux Beaumettes : menu \u00e0 89\u20ac avec homard canadien, ris de veau et desserts gourmands. R\u00e9servez vite !\" \/>\n<meta property=\"og:url\" content=\"https:\/\/domitia-maisondecuisinier.fr\/index.php\/fete-des-meres\/\" \/>\n<meta property=\"og:site_name\" content=\"Domitia Maison de Cuisinier\" \/>\n<meta property=\"article:modified_time\" content=\"2026-05-11T12:58:58+00:00\" \/>\n<meta name=\"twitter:card\" content=\"summary_large_image\" \/>\n<meta name=\"twitter:label1\" content=\"Dur\u00e9e de lecture estim\u00e9e\" \/>\n\t<meta name=\"twitter:data1\" content=\"1 minute\" \/>\n<script type=\"application\/ld+json\" class=\"yoast-schema-graph\">{\"@context\":\"https:\\\/\\\/schema.org\",\"@graph\":[{\"@type\":\"WebPage\",\"@id\":\"https:\\\/\\\/domitia-maisondecuisinier.fr\\\/index.php\\\/fete-des-meres\\\/\",\"url\":\"https:\\\/\\\/domitia-maisondecuisinier.fr\\\/index.php\\\/fete-des-meres\\\/\",\"name\":\"F\u00eate des m\u00e8res - Domitia Maison de Cuisinier\",\"isPartOf\":{\"@id\":\"https:\\\/\\\/domitia-maisondecuisinier.fr\\\/#website\"},\"datePublished\":\"2025-05-05T13:40:12+00:00\",\"dateModified\":\"2026-05-11T12:58:58+00:00\",\"description\":\"C\u00e9l\u00e9brez la f\u00eate des m\u00e8res au restaurant Domitia aux Beaumettes : menu \u00e0 89\u20ac avec homard canadien, ris de veau et desserts gourmands. R\u00e9servez vite !\",\"breadcrumb\":{\"@id\":\"https:\\\/\\\/domitia-maisondecuisinier.fr\\\/index.php\\\/fete-des-meres\\\/#breadcrumb\"},\"inLanguage\":\"fr-FR\",\"potentialAction\":[{\"@type\":\"ReadAction\",\"target\":[\"https:\\\/\\\/domitia-maisondecuisinier.fr\\\/index.php\\\/fete-des-meres\\\/\"]}]},{\"@type\":\"BreadcrumbList\",\"@id\":\"https:\\\/\\\/domitia-maisondecuisinier.fr\\\/index.php\\\/fete-des-meres\\\/#breadcrumb\",\"itemListElement\":[{\"@type\":\"ListItem\",\"position\":1,\"name\":\"Accueil\",\"item\":\"https:\\\/\\\/domitia-maisondecuisinier.fr\\\/\"},{\"@type\":\"ListItem\",\"position\":2,\"name\":\"F\u00eate des m\u00e8res\"}]},{\"@type\":\"WebSite\",\"@id\":\"https:\\\/\\\/domitia-maisondecuisinier.fr\\\/#website\",\"url\":\"https:\\\/\\\/domitia-maisondecuisinier.fr\\\/\",\"name\":\"Domitia Maison de Cuisinier\",\"description\":\"Restaurant Luberon\",\"potentialAction\":[{\"@type\":\"SearchAction\",\"target\":{\"@type\":\"EntryPoint\",\"urlTemplate\":\"https:\\\/\\\/domitia-maisondecuisinier.fr\\\/?s={search_term_string}\"},\"query-input\":{\"@type\":\"PropertyValueSpecification\",\"valueRequired\":true,\"valueName\":\"search_term_string\"}}],\"inLanguage\":\"fr-FR\"}]}<\/script>\n<!-- \/ Yoast SEO plugin. -->","yoast_head_json":{"title":"F\u00eate des m\u00e8res - Domitia Maison de Cuisinier","description":"C\u00e9l\u00e9brez la f\u00eate des m\u00e8res au restaurant Domitia aux Beaumettes : menu \u00e0 89\u20ac avec homard canadien, ris de veau et desserts gourmands. R\u00e9servez vite !","robots":{"index":"index","follow":"follow","max-snippet":"max-snippet:-1","max-image-preview":"max-image-preview:large","max-video-preview":"max-video-preview:-1"},"canonical":"https:\/\/domitia-maisondecuisinier.fr\/index.php\/fete-des-meres\/","og_locale":"fr_FR","og_type":"article","og_title":"F\u00eate des m\u00e8res - Domitia Maison de Cuisinier","og_description":"C\u00e9l\u00e9brez la f\u00eate des m\u00e8res au restaurant Domitia aux Beaumettes : menu \u00e0 89\u20ac avec homard canadien, ris de veau et desserts gourmands. R\u00e9servez vite !","og_url":"https:\/\/domitia-maisondecuisinier.fr\/index.php\/fete-des-meres\/","og_site_name":"Domitia Maison de Cuisinier","article_modified_time":"2026-05-11T12:58:58+00:00","twitter_card":"summary_large_image","twitter_misc":{"Dur\u00e9e de lecture estim\u00e9e":"1 minute"},"schema":{"@context":"https:\/\/schema.org","@graph":[{"@type":"WebPage","@id":"https:\/\/domitia-maisondecuisinier.fr\/index.php\/fete-des-meres\/","url":"https:\/\/domitia-maisondecuisinier.fr\/index.php\/fete-des-meres\/","name":"F\u00eate des m\u00e8res - Domitia Maison de Cuisinier","isPartOf":{"@id":"https:\/\/domitia-maisondecuisinier.fr\/#website"},"datePublished":"2025-05-05T13:40:12+00:00","dateModified":"2026-05-11T12:58:58+00:00","description":"C\u00e9l\u00e9brez la f\u00eate des m\u00e8res au restaurant Domitia aux Beaumettes : menu \u00e0 89\u20ac avec homard canadien, ris de veau et desserts gourmands. R\u00e9servez vite !","breadcrumb":{"@id":"https:\/\/domitia-maisondecuisinier.fr\/index.php\/fete-des-meres\/#breadcrumb"},"inLanguage":"fr-FR","potentialAction":[{"@type":"ReadAction","target":["https:\/\/domitia-maisondecuisinier.fr\/index.php\/fete-des-meres\/"]}]},{"@type":"BreadcrumbList","@id":"https:\/\/domitia-maisondecuisinier.fr\/index.php\/fete-des-meres\/#breadcrumb","itemListElement":[{"@type":"ListItem","position":1,"name":"Accueil","item":"https:\/\/domitia-maisondecuisinier.fr\/"},{"@type":"ListItem","position":2,"name":"F\u00eate des m\u00e8res"}]},{"@type":"WebSite","@id":"https:\/\/domitia-maisondecuisinier.fr\/#website","url":"https:\/\/domitia-maisondecuisinier.fr\/","name":"Domitia Maison de Cuisinier","description":"Restaurant Luberon","potentialAction":[{"@type":"SearchAction","target":{"@type":"EntryPoint","urlTemplate":"https:\/\/domitia-maisondecuisinier.fr\/?s={search_term_string}"},"query-input":{"@type":"PropertyValueSpecification","valueRequired":true,"valueName":"search_term_string"}}],"inLanguage":"fr-FR"}]}},"_links":{"self":[{"href":"https:\/\/domitia-maisondecuisinier.fr\/index.php\/wp-json\/wp\/v2\/pages\/2174","targetHints":{"allow":["GET"]}}],"collection":[{"href":"https:\/\/domitia-maisondecuisinier.fr\/index.php\/wp-json\/wp\/v2\/pages"}],"about":[{"href":"https:\/\/domitia-maisondecuisinier.fr\/index.php\/wp-json\/wp\/v2\/types\/page"}],"author":[{"embeddable":true,"href":"https:\/\/domitia-maisondecuisinier.fr\/index.php\/wp-json\/wp\/v2\/users\/1"}],"replies":[{"embeddable":true,"href":"https:\/\/domitia-maisondecuisinier.fr\/index.php\/wp-json\/wp\/v2\/comments?post=2174"}],"version-history":[{"count":12,"href":"https:\/\/domitia-maisondecuisinier.fr\/index.php\/wp-json\/wp\/v2\/pages\/2174\/revisions"}],"predecessor-version":[{"id":2620,"href":"https:\/\/domitia-maisondecuisinier.fr\/index.php\/wp-json\/wp\/v2\/pages\/2174\/revisions\/2620"}],"wp:attachment":[{"href":"https:\/\/domitia-maisondecuisinier.fr\/index.php\/wp-json\/wp\/v2\/media?parent=2174"}],"curies":[{"name":"wp","href":"https:\/\/api.w.org\/{rel}","templated":true}]}}