{"id":1100,"date":"2023-12-15T15:27:10","date_gmt":"2023-12-15T14:27:10","guid":{"rendered":"https:\/\/domitia-maisondecuisinier.fr\/?page_id=1100"},"modified":"2026-05-11T14:44:03","modified_gmt":"2026-05-11T12:44:03","slug":"menu-du-dejeuner","status":"publish","type":"page","link":"https:\/\/domitia-maisondecuisinier.fr\/index.php\/menu-du-dejeuner\/","title":{"rendered":"Menu du d\u00e9jeuner"},"content":{"rendered":"<p>[et_pb_section fb_built=\u00a0\u00bb1&Prime; _builder_version=\u00a0\u00bb4.23.1&Prime; _module_preset=\u00a0\u00bbdefault\u00a0\u00bb background_enable_color=\u00a0\u00bboff\u00a0\u00bb background_image=\u00a0\u00bbhttp:\/\/domitia-maisondecuisinier.fr\/wp-content\/uploads\/2023\/12\/Fond-Cartes-Domitia-Gordes-scaled.jpg\u00a0\u00bb custom_padding=\u00a0\u00bb0px||0px|||\u00a0\u00bb background_last_edited=\u00a0\u00bbon|phone\u00a0\u00bb background_enable_color_phone=\u00a0\u00bboff\u00a0\u00bb background_image_phone=\u00a0\u00bbhttp:\/\/domitia-maisondecuisinier.fr\/wp-content\/uploads\/2023\/12\/Fond-Cartes-Domitia-Mobile.jpg\u00a0\u00bb background_enable_image_phone=\u00a0\u00bbon\u00a0\u00bb global_colors_info=\u00a0\u00bb{}\u00a0\u00bb][et_pb_row _builder_version=\u00a0\u00bb4.23.1&Prime; _module_preset=\u00a0\u00bbdefault\u00a0\u00bb custom_padding=\u00a0\u00bb44px||0px||false|false\u00a0\u00bb global_colors_info=\u00a0\u00bb{}\u00a0\u00bb][et_pb_column type=\u00a0\u00bb4_4&Prime; _builder_version=\u00a0\u00bb4.23.1&Prime; _module_preset=\u00a0\u00bbdefault\u00a0\u00bb global_colors_info=\u00a0\u00bb{}\u00a0\u00bb][et_pb_text _builder_version=\u00a0\u00bb4.23.1&Prime; _module_preset=\u00a0\u00bbdefault\u00a0\u00bb text_font=\u00a0\u00bbAbyssinica SIL|||on|||||\u00a0\u00bb text_font_size=\u00a0\u00bb17px\u00a0\u00bb header_font=\u00a0\u00bbNunito Sans||||||||\u00a0\u00bb header_text_color=\u00a0\u00bb#FFFFFF\u00a0\u00bb header_font_size=\u00a0\u00bb28px\u00a0\u00bb header_letter_spacing=\u00a0\u00bb3px\u00a0\u00bb header_line_height=\u00a0\u00bb1.2em\u00a0\u00bb text_orientation=\u00a0\u00bbcenter\u00a0\u00bb custom_margin=\u00a0\u00bb5px||1px||false|false\u00a0\u00bb custom_margin_tablet=\u00a0\u00bb5px||1px||false|false\u00a0\u00bb custom_margin_phone=\u00a0\u00bb5px||1px||false|false\u00a0\u00bb custom_margin_last_edited=\u00a0\u00bboff|phone\u00a0\u00bb custom_padding=\u00a0\u00bb||7px|||\u00a0\u00bb global_colors_info=\u00a0\u00bb{}\u00a0\u00bb]<\/p>\n<h1>D\u00e9jeuner\u00a0<\/h1>\n<p>[\/et_pb_text][et_pb_divider color=\u00a0\u00bb#FFFFFF\u00a0\u00bb divider_weight=\u00a0\u00bb1px\u00a0\u00bb _builder_version=\u00a0\u00bb4.23.1&Prime; _module_preset=\u00a0\u00bbdefault\u00a0\u00bb custom_margin=\u00a0\u00bb||2px||false|false\u00a0\u00bb custom_margin_tablet=\u00a0\u00bb||2px||false|false\u00a0\u00bb custom_margin_phone=\u00a0\u00bb-25px||2px||false|false\u00a0\u00bb custom_margin_last_edited=\u00a0\u00bboff|desktop\u00a0\u00bb custom_padding=\u00a0\u00bb||6px|||\u00a0\u00bb animation_style=\u00a0\u00bbslide\u00a0\u00bb animation_direction=\u00a0\u00bbleft\u00a0\u00bb global_colors_info=\u00a0\u00bb{}\u00a0\u00bb][\/et_pb_divider][\/et_pb_column][\/et_pb_row][et_pb_row _builder_version=\u00a0\u00bb4.23.1&Prime; _module_preset=\u00a0\u00bbdefault\u00a0\u00bb custom_padding=\u00a0\u00bb2px||23px|||\u00a0\u00bb global_colors_info=\u00a0\u00bb{}\u00a0\u00bb][et_pb_column type=\u00a0\u00bb4_4&Prime; _builder_version=\u00a0\u00bb4.23.1&Prime; _module_preset=\u00a0\u00bbdefault\u00a0\u00bb global_colors_info=\u00a0\u00bb{}\u00a0\u00bb][et_pb_text disabled_on=\u00a0\u00bbon|off|off\u00a0\u00bb _builder_version=\u00a0\u00bb4.23.1&Prime; _module_preset=\u00a0\u00bbdefault\u00a0\u00bb text_font=\u00a0\u00bbInria Serif|700|||||||\u00a0\u00bb text_text_color=\u00a0\u00bb#FFFFFF\u00a0\u00bb text_font_size=\u00a0\u00bb23px\u00a0\u00bb text_line_height=\u00a0\u00bb1.2em\u00a0\u00bb header_font=\u00a0\u00bbNunito Sans|300|||||||\u00a0\u00bb header_text_color=\u00a0\u00bb#aa2200&Prime; header_2_font=\u00a0\u00bbNunito Sans|600|||||||\u00a0\u00bb header_2_text_color=\u00a0\u00bb#aa2200&Prime; header_2_font_size=\u00a0\u00bb20px\u00a0\u00bb header_2_line_height=\u00a0\u00bb1.2em\u00a0\u00bb text_orientation=\u00a0\u00bbcenter\u00a0\u00bb custom_margin=\u00a0\u00bb||6px|||\u00a0\u00bb custom_padding=\u00a0\u00bb0px||0px|||\u00a0\u00bb animation_style=\u00a0\u00bbfade\u00a0\u00bb global_colors_info=\u00a0\u00bb{}\u00a0\u00bb]<\/p>\n<p>CETTE SEMAINE AU DEJEUNER<\/p>\n<p>[\/et_pb_text][et_pb_text _builder_version=\u00a0\u00bb4.23.1&Prime; _module_preset=\u00a0\u00bbdefault\u00a0\u00bb text_font=\u00a0\u00bbInria Serif|700|||||||\u00a0\u00bb text_text_color=\u00a0\u00bb#FFFFFF\u00a0\u00bb text_font_size=\u00a0\u00bb20px\u00a0\u00bb text_line_height=\u00a0\u00bb1.2em\u00a0\u00bb header_font=\u00a0\u00bbNunito Sans|300|||||||\u00a0\u00bb header_text_color=\u00a0\u00bb#aa2200&Prime; header_2_font=\u00a0\u00bbNunito Sans|600|||||||\u00a0\u00bb header_2_text_color=\u00a0\u00bb#aa2200&Prime; header_2_font_size=\u00a0\u00bb20px\u00a0\u00bb header_2_line_height=\u00a0\u00bb1.2em\u00a0\u00bb text_orientation=\u00a0\u00bbcenter\u00a0\u00bb custom_padding=\u00a0\u00bb0px||0px|||\u00a0\u00bb animation_style=\u00a0\u00bbfade\u00a0\u00bb global_colors_info=\u00a0\u00bb{}\u00a0\u00bb]<\/p>\n<p>(sauf Dimanches et jours f\u00e9ri\u00e9s)<\/p>\n<p>[\/et_pb_text][\/et_pb_column][\/et_pb_row][et_pb_row _builder_version=\u00a0\u00bb4.23.1&Prime; _module_preset=\u00a0\u00bbdefault\u00a0\u00bb custom_padding=\u00a0\u00bb6px||23px|||\u00a0\u00bb global_colors_info=\u00a0\u00bb{}\u00a0\u00bb][et_pb_column type=\u00a0\u00bb4_4&Prime; _builder_version=\u00a0\u00bb4.23.1&Prime; _module_preset=\u00a0\u00bbdefault\u00a0\u00bb global_colors_info=\u00a0\u00bb{}\u00a0\u00bb][et_pb_text disabled_on=\u00a0\u00bboff|off|off\u00a0\u00bb _builder_version=\u00a0\u00bb4.23.1&Prime; _module_preset=\u00a0\u00bbdefault\u00a0\u00bb text_font=\u00a0\u00bbInria Serif|700|||||||\u00a0\u00bb text_text_color=\u00a0\u00bb#FFFFFF\u00a0\u00bb text_font_size=\u00a0\u00bb19px\u00a0\u00bb text_line_height=\u00a0\u00bb1.2em\u00a0\u00bb header_font=\u00a0\u00bbNunito Sans|300|||||||\u00a0\u00bb header_text_color=\u00a0\u00bb#aa2200&Prime; header_2_font=\u00a0\u00bbNunito Sans|600|||||||\u00a0\u00bb header_2_text_color=\u00a0\u00bb#aa2200&Prime; header_2_font_size=\u00a0\u00bb20px\u00a0\u00bb header_2_line_height=\u00a0\u00bb1.2em\u00a0\u00bb text_orientation=\u00a0\u00bbcenter\u00a0\u00bb custom_padding=\u00a0\u00bb0px||0px|||\u00a0\u00bb animation_style=\u00a0\u00bbfade\u00a0\u00bb hover_enabled=\u00a0\u00bb0&Prime; global_colors_info=\u00a0\u00bb{}\u00a0\u00bb sticky_enabled=\u00a0\u00bb0&Prime;]<\/p>\n<p>Menu du 11 au 17 mai<\/p>\n<p>[\/et_pb_text][et_pb_text _builder_version=\u00a0\u00bb4.23.1&Prime; _module_preset=\u00a0\u00bbdefault\u00a0\u00bb text_font=\u00a0\u00bbInria Serif|700|||||||\u00a0\u00bb text_text_color=\u00a0\u00bb#FFFFFF\u00a0\u00bb text_font_size=\u00a0\u00bb23px\u00a0\u00bb text_line_height=\u00a0\u00bb1.2em\u00a0\u00bb header_font=\u00a0\u00bbNunito Sans|300|||||||\u00a0\u00bb header_text_color=\u00a0\u00bb#aa2200&Prime; header_2_font=\u00a0\u00bbNunito Sans|600|||||||\u00a0\u00bb header_2_text_color=\u00a0\u00bb#aa2200&Prime; header_2_font_size=\u00a0\u00bb20px\u00a0\u00bb header_2_line_height=\u00a0\u00bb1.2em\u00a0\u00bb text_orientation=\u00a0\u00bbcenter\u00a0\u00bb custom_margin=\u00a0\u00bb||6px|||\u00a0\u00bb custom_padding=\u00a0\u00bb0px||0px|||\u00a0\u00bb animation_style=\u00a0\u00bbfade\u00a0\u00bb global_colors_info=\u00a0\u00bb{}\u00a0\u00bb]<\/p>\n<p><span style=\"text-decoration: underline;\">Menu du d\u00e9jeuner<\/span><\/p>\n<p>[\/et_pb_text][et_pb_text _builder_version=\u00a0\u00bb4.23.1&Prime; _module_preset=\u00a0\u00bbdefault\u00a0\u00bb text_font=\u00a0\u00bbInria Serif|700|||||||\u00a0\u00bb text_text_color=\u00a0\u00bb#FFFFFF\u00a0\u00bb text_font_size=\u00a0\u00bb19px\u00a0\u00bb text_line_height=\u00a0\u00bb1.5em\u00a0\u00bb header_font=\u00a0\u00bbNunito Sans|300|||||||\u00a0\u00bb header_text_color=\u00a0\u00bb#aa2200&Prime; header_2_font=\u00a0\u00bbNunito Sans|600|||||||\u00a0\u00bb header_2_text_color=\u00a0\u00bb#aa2200&Prime; header_2_font_size=\u00a0\u00bb20px\u00a0\u00bb header_2_line_height=\u00a0\u00bb1.2em\u00a0\u00bb text_orientation=\u00a0\u00bbcenter\u00a0\u00bb custom_margin=\u00a0\u00bb||-8px|||\u00a0\u00bb custom_padding=\u00a0\u00bb0px||0px|||\u00a0\u00bb animation_style=\u00a0\u00bbfade\u00a0\u00bb global_colors_info=\u00a0\u00bb{}\u00a0\u00bb]<\/p>\n<p>Menu 29,90 euros : entr\u00e9e\/ plat\/ fromage ou dessert<br \/>Menu 40 euros : entr\u00e9e\/ plat\/ fromage et dessert<\/p>\n<p>[\/et_pb_text][\/et_pb_column][\/et_pb_row][et_pb_row _builder_version=\u00a0\u00bb4.23.1&Prime; _module_preset=\u00a0\u00bbdefault\u00a0\u00bb width=\u00a0\u00bb94%\u00a0\u00bb custom_padding=\u00a0\u00bb0px|||||\u00a0\u00bb border_color_all=\u00a0\u00bb#FFFFFF\u00a0\u00bb global_colors_info=\u00a0\u00bb{}\u00a0\u00bb][et_pb_column type=\u00a0\u00bb4_4&Prime; _builder_version=\u00a0\u00bb4.23.1&Prime; _module_preset=\u00a0\u00bbdefault\u00a0\u00bb global_colors_info=\u00a0\u00bb{}\u00a0\u00bb][et_pb_text _builder_version=\u00a0\u00bb4.23.1&Prime; _module_preset=\u00a0\u00bbdefault\u00a0\u00bb text_font=\u00a0\u00bbInria Serif|300|||||||\u00a0\u00bb text_text_color=\u00a0\u00bb#FFFFFF\u00a0\u00bb text_font_size=\u00a0\u00bb19px\u00a0\u00bb text_line_height=\u00a0\u00bb1.3em\u00a0\u00bb header_font=\u00a0\u00bbNunito Sans|300|||||||\u00a0\u00bb header_text_color=\u00a0\u00bb#aa2200&Prime; header_2_font=\u00a0\u00bbNunito Sans|600|||||||\u00a0\u00bb header_2_text_color=\u00a0\u00bb#aa2200&Prime; header_2_font_size=\u00a0\u00bb20px\u00a0\u00bb header_2_line_height=\u00a0\u00bb1.2em\u00a0\u00bb text_orientation=\u00a0\u00bbcenter\u00a0\u00bb width=\u00a0\u00bb93%\u00a0\u00bb module_alignment=\u00a0\u00bbcenter\u00a0\u00bb custom_margin=\u00a0\u00bb5px||5px||false|false\u00a0\u00bb custom_padding=\u00a0\u00bb0px|||||\u00a0\u00bb animation_style=\u00a0\u00bbfade\u00a0\u00bb hover_enabled=\u00a0\u00bb0&Prime; border_color_all=\u00a0\u00bb#FFFFFF\u00a0\u00bb global_colors_info=\u00a0\u00bb{}\u00a0\u00bb sticky_enabled=\u00a0\u00bb0&Prime;]<\/p>\n<p><strong>Cromesquis de t\u00eate de cochon<\/strong>, sauce tartare, un l\u00e2cher d\u2019herbes fra\u00eeches<br \/>Ou<br \/><strong>Asperges vertes<\/strong> de nos paysans, pesto menthe, ancho\u00efade pour saler, crumble noisette parmesan<br \/>Ou<br \/><strong>Rillettes de sardines<\/strong> au fromage frais, oignon nouveau et f\u00e8ves, cro\u00fbtes de pain \u00e0 la fleur de thym<br \/>Ou<br \/><strong>Foie gras de canard<\/strong>(Fr) confit, chutney fraises, sorbet fraises balsamique, petite brioche aux fraises (+12e)<br \/>***<br \/><strong>Truite de l\u2019Isle\/Sorgue<\/strong> confite, pur\u00e9e d\u2019amande, carottes nouvelles, anis vert<br \/>Ou<br \/><strong>Bavette de boeuf<\/strong> grill\u00e9e, sauce chimichurri rouge, ma\u00efs et piquillos<br \/>***<br \/><strong>L\u2019assiette de fromages<\/strong>, Maison Paccard, affineur \u00e0 Manigod\/Savoie<br \/>Ou<br \/><strong>Les ch\u00e8vres affin\u00e9s<\/strong> de Micheline et Kiki \u00e0 Bonnieux, gel\u00e9e de fleurs de lilas<br \/>Ou<br \/>Pot de <strong>cr\u00e8me \u00e0 la lavande,<\/strong> pets de nonne \u00e0 la fleur d&rsquo;oranger<br \/>Ou<br \/><strong>Finger chocolat<\/strong>, craquelin coriandre, sorbet citron kalamansi<br \/>Ou<br \/><strong>Po\u00eal\u00e9e de fraises<\/strong> au miel et vinaigre balsamique, \u00e9clats de pistache, glace pistache<\/p>\n<p>[\/et_pb_text][et_pb_text _builder_version=\u00a0\u00bb4.23.1&Prime; _module_preset=\u00a0\u00bbdefault\u00a0\u00bb text_font=\u00a0\u00bbInria Serif|700|||||||\u00a0\u00bb text_text_color=\u00a0\u00bb#FFFFFF\u00a0\u00bb text_font_size=\u00a0\u00bb17px\u00a0\u00bb text_line_height=\u00a0\u00bb1.2em\u00a0\u00bb header_font=\u00a0\u00bbNunito Sans|300|||||||\u00a0\u00bb header_text_color=\u00a0\u00bb#aa2200&Prime; header_2_font=\u00a0\u00bbNunito Sans|600|||||||\u00a0\u00bb header_2_text_color=\u00a0\u00bb#aa2200&Prime; header_2_font_size=\u00a0\u00bb20px\u00a0\u00bb header_2_line_height=\u00a0\u00bb1.2em\u00a0\u00bb text_orientation=\u00a0\u00bbcenter\u00a0\u00bb custom_margin=\u00a0\u00bb37px||37px||true|false\u00a0\u00bb custom_padding=\u00a0\u00bb0px||0px|||\u00a0\u00bb animation_style=\u00a0\u00bbfade\u00a0\u00bb global_colors_info=\u00a0\u00bb{}\u00a0\u00bb]<\/p>\n<p><span style=\"text-decoration: underline;\">La cuisine que nous vous proposons peut contenir des substances<\/span><br \/><span style=\"text-decoration: underline;\">allerg\u00e8nes dont la liste est disponible sur demande de votre part<\/span><br \/><span style=\"text-decoration: underline;\">conform\u00e9ment \u00e0 l\u2019annexe II du r\u00e8glement CE 1169\/2011 et au d\u00e9cret<\/span><br \/><span style=\"text-decoration: underline;\">n\u00b02015-447 du 17 avril 2015. <\/span><\/p>\n<p>[\/et_pb_text][\/et_pb_column][\/et_pb_row][\/et_pb_section]<\/p>\n","protected":false},"excerpt":{"rendered":"<p>D\u00e9jeuner\u00a0CETTE SEMAINE AU DEJEUNER(sauf Dimanches et jours f\u00e9ri\u00e9s)Menu du 11 au 17 maiMenu du d\u00e9jeunerMenu 29,90 euros : entr\u00e9e\/ plat\/ fromage ou dessertMenu 40 euros : entr\u00e9e\/ plat\/ fromage et dessertCromesquis de t\u00eate de cochon, sauce tartare, un l\u00e2cher d\u2019herbes fra\u00eechesOuAsperges vertes de nos paysans, pesto menthe, ancho\u00efade pour saler, crumble noisette parmesanOuRillettes de sardines au fromage frais, oignon nouveau et f\u00e8ves, cro\u00fbtes de pain \u00e0 la fleur de thymOuFoie gras de canard(Fr) confit, chutney fraises, sorbet fraises balsamique, petite brioche aux fraises (+12e)***Truite de l\u2019Isle\/Sorgue confite, pur\u00e9e d\u2019amande, carottes nouvelles, anis vertOuBavette de boeuf grill\u00e9e, sauce chimichurri rouge, ma\u00efs et piquillos***L\u2019assiette de fromages, Maison Paccard, affineur \u00e0 Manigod\/SavoieOuLes ch\u00e8vres affin\u00e9s de Micheline et Kiki \u00e0 Bonnieux, gel\u00e9e de fleurs de lilasOuPot de cr\u00e8me \u00e0 la lavande, pets de nonne \u00e0 la fleur d&rsquo;orangerOuFinger chocolat, craquelin coriandre, sorbet citron kalamansiOuPo\u00eal\u00e9e de fraises au miel et vinaigre balsamique, \u00e9clats de pistache, glace pistacheLa cuisine que nous vous proposons peut contenir des substancesallerg\u00e8nes dont la liste est disponible sur demande de votre partconform\u00e9ment \u00e0 l\u2019annexe II du r\u00e8glement CE 1169\/2011 et au d\u00e9cretn\u00b02015-447 du 17 avril 2015.<\/p>\n","protected":false},"author":1,"featured_media":0,"parent":0,"menu_order":0,"comment_status":"closed","ping_status":"closed","template":"","meta":{"_et_pb_use_builder":"on","_et_pb_old_content":"","_et_gb_content_width":"","_monsterinsights_skip_tracking":false,"_monsterinsights_sitenote_active":false,"_monsterinsights_sitenote_note":"","_monsterinsights_sitenote_category":0,"footnotes":""},"class_list":["post-1100","page","type-page","status-publish","hentry"],"yoast_head":"<!-- This site is optimized with the Yoast SEO plugin v27.6 - https:\/\/yoast.com\/product\/yoast-seo-wordpress\/ -->\n<title>Menu du d\u00e9jeuner - Domitia Maison de Cuisinier<\/title>\n<meta name=\"description\" content=\"Savourez notre menu du d\u00e9jeuner, compos\u00e9 de plats raffin\u00e9s, soigneusement s\u00e9lectionn\u00e9s et changeant r\u00e9guli\u00e8rement pour refl\u00e9ter les saveurs saisonni\u00e8res.\" \/>\n<meta name=\"robots\" content=\"index, follow, max-snippet:-1, max-image-preview:large, max-video-preview:-1\" \/>\n<link rel=\"canonical\" href=\"https:\/\/domitia-maisondecuisinier.fr\/index.php\/menu-du-dejeuner\/\" \/>\n<meta property=\"og:locale\" content=\"fr_FR\" \/>\n<meta property=\"og:type\" content=\"article\" \/>\n<meta property=\"og:title\" content=\"Menu du d\u00e9jeuner - Domitia Maison de Cuisinier\" \/>\n<meta property=\"og:description\" content=\"Savourez notre menu du d\u00e9jeuner, compos\u00e9 de plats raffin\u00e9s, soigneusement s\u00e9lectionn\u00e9s et changeant r\u00e9guli\u00e8rement pour refl\u00e9ter les saveurs saisonni\u00e8res.\" \/>\n<meta property=\"og:url\" content=\"https:\/\/domitia-maisondecuisinier.fr\/index.php\/menu-du-dejeuner\/\" \/>\n<meta property=\"og:site_name\" content=\"Domitia Maison de Cuisinier\" \/>\n<meta property=\"article:modified_time\" content=\"2026-05-11T12:44:03+00:00\" \/>\n<meta name=\"twitter:card\" content=\"summary_large_image\" \/>\n<meta name=\"twitter:label1\" content=\"Dur\u00e9e de lecture estim\u00e9e\" \/>\n\t<meta name=\"twitter:data1\" content=\"1 minute\" \/>\n<script type=\"application\/ld+json\" class=\"yoast-schema-graph\">{\"@context\":\"https:\\\/\\\/schema.org\",\"@graph\":[{\"@type\":\"WebPage\",\"@id\":\"https:\\\/\\\/domitia-maisondecuisinier.fr\\\/index.php\\\/menu-du-dejeuner\\\/\",\"url\":\"https:\\\/\\\/domitia-maisondecuisinier.fr\\\/index.php\\\/menu-du-dejeuner\\\/\",\"name\":\"Menu du d\u00e9jeuner - Domitia Maison de Cuisinier\",\"isPartOf\":{\"@id\":\"https:\\\/\\\/domitia-maisondecuisinier.fr\\\/#website\"},\"datePublished\":\"2023-12-15T14:27:10+00:00\",\"dateModified\":\"2026-05-11T12:44:03+00:00\",\"description\":\"Savourez notre menu du d\u00e9jeuner, compos\u00e9 de plats raffin\u00e9s, soigneusement s\u00e9lectionn\u00e9s et changeant r\u00e9guli\u00e8rement pour refl\u00e9ter les saveurs saisonni\u00e8res.\",\"breadcrumb\":{\"@id\":\"https:\\\/\\\/domitia-maisondecuisinier.fr\\\/index.php\\\/menu-du-dejeuner\\\/#breadcrumb\"},\"inLanguage\":\"fr-FR\",\"potentialAction\":[{\"@type\":\"ReadAction\",\"target\":[\"https:\\\/\\\/domitia-maisondecuisinier.fr\\\/index.php\\\/menu-du-dejeuner\\\/\"]}]},{\"@type\":\"BreadcrumbList\",\"@id\":\"https:\\\/\\\/domitia-maisondecuisinier.fr\\\/index.php\\\/menu-du-dejeuner\\\/#breadcrumb\",\"itemListElement\":[{\"@type\":\"ListItem\",\"position\":1,\"name\":\"Accueil\",\"item\":\"https:\\\/\\\/domitia-maisondecuisinier.fr\\\/\"},{\"@type\":\"ListItem\",\"position\":2,\"name\":\"Menu du d\u00e9jeuner\"}]},{\"@type\":\"WebSite\",\"@id\":\"https:\\\/\\\/domitia-maisondecuisinier.fr\\\/#website\",\"url\":\"https:\\\/\\\/domitia-maisondecuisinier.fr\\\/\",\"name\":\"Domitia Maison de Cuisinier\",\"description\":\"Restaurant Luberon\",\"potentialAction\":[{\"@type\":\"SearchAction\",\"target\":{\"@type\":\"EntryPoint\",\"urlTemplate\":\"https:\\\/\\\/domitia-maisondecuisinier.fr\\\/?s={search_term_string}\"},\"query-input\":{\"@type\":\"PropertyValueSpecification\",\"valueRequired\":true,\"valueName\":\"search_term_string\"}}],\"inLanguage\":\"fr-FR\"}]}<\/script>\n<!-- \/ Yoast SEO plugin. -->","yoast_head_json":{"title":"Menu du d\u00e9jeuner - Domitia Maison de Cuisinier","description":"Savourez notre menu du d\u00e9jeuner, compos\u00e9 de plats raffin\u00e9s, soigneusement s\u00e9lectionn\u00e9s et changeant r\u00e9guli\u00e8rement pour refl\u00e9ter les saveurs saisonni\u00e8res.","robots":{"index":"index","follow":"follow","max-snippet":"max-snippet:-1","max-image-preview":"max-image-preview:large","max-video-preview":"max-video-preview:-1"},"canonical":"https:\/\/domitia-maisondecuisinier.fr\/index.php\/menu-du-dejeuner\/","og_locale":"fr_FR","og_type":"article","og_title":"Menu du d\u00e9jeuner - Domitia Maison de Cuisinier","og_description":"Savourez notre menu du d\u00e9jeuner, compos\u00e9 de plats raffin\u00e9s, soigneusement s\u00e9lectionn\u00e9s et changeant r\u00e9guli\u00e8rement pour refl\u00e9ter les saveurs saisonni\u00e8res.","og_url":"https:\/\/domitia-maisondecuisinier.fr\/index.php\/menu-du-dejeuner\/","og_site_name":"Domitia Maison de Cuisinier","article_modified_time":"2026-05-11T12:44:03+00:00","twitter_card":"summary_large_image","twitter_misc":{"Dur\u00e9e de lecture estim\u00e9e":"1 minute"},"schema":{"@context":"https:\/\/schema.org","@graph":[{"@type":"WebPage","@id":"https:\/\/domitia-maisondecuisinier.fr\/index.php\/menu-du-dejeuner\/","url":"https:\/\/domitia-maisondecuisinier.fr\/index.php\/menu-du-dejeuner\/","name":"Menu du d\u00e9jeuner - Domitia Maison de Cuisinier","isPartOf":{"@id":"https:\/\/domitia-maisondecuisinier.fr\/#website"},"datePublished":"2023-12-15T14:27:10+00:00","dateModified":"2026-05-11T12:44:03+00:00","description":"Savourez notre menu du d\u00e9jeuner, compos\u00e9 de plats raffin\u00e9s, soigneusement s\u00e9lectionn\u00e9s et changeant r\u00e9guli\u00e8rement pour refl\u00e9ter les saveurs saisonni\u00e8res.","breadcrumb":{"@id":"https:\/\/domitia-maisondecuisinier.fr\/index.php\/menu-du-dejeuner\/#breadcrumb"},"inLanguage":"fr-FR","potentialAction":[{"@type":"ReadAction","target":["https:\/\/domitia-maisondecuisinier.fr\/index.php\/menu-du-dejeuner\/"]}]},{"@type":"BreadcrumbList","@id":"https:\/\/domitia-maisondecuisinier.fr\/index.php\/menu-du-dejeuner\/#breadcrumb","itemListElement":[{"@type":"ListItem","position":1,"name":"Accueil","item":"https:\/\/domitia-maisondecuisinier.fr\/"},{"@type":"ListItem","position":2,"name":"Menu du d\u00e9jeuner"}]},{"@type":"WebSite","@id":"https:\/\/domitia-maisondecuisinier.fr\/#website","url":"https:\/\/domitia-maisondecuisinier.fr\/","name":"Domitia Maison de Cuisinier","description":"Restaurant Luberon","potentialAction":[{"@type":"SearchAction","target":{"@type":"EntryPoint","urlTemplate":"https:\/\/domitia-maisondecuisinier.fr\/?s={search_term_string}"},"query-input":{"@type":"PropertyValueSpecification","valueRequired":true,"valueName":"search_term_string"}}],"inLanguage":"fr-FR"}]}},"_links":{"self":[{"href":"https:\/\/domitia-maisondecuisinier.fr\/index.php\/wp-json\/wp\/v2\/pages\/1100","targetHints":{"allow":["GET"]}}],"collection":[{"href":"https:\/\/domitia-maisondecuisinier.fr\/index.php\/wp-json\/wp\/v2\/pages"}],"about":[{"href":"https:\/\/domitia-maisondecuisinier.fr\/index.php\/wp-json\/wp\/v2\/types\/page"}],"author":[{"embeddable":true,"href":"https:\/\/domitia-maisondecuisinier.fr\/index.php\/wp-json\/wp\/v2\/users\/1"}],"replies":[{"embeddable":true,"href":"https:\/\/domitia-maisondecuisinier.fr\/index.php\/wp-json\/wp\/v2\/comments?post=1100"}],"version-history":[{"count":175,"href":"https:\/\/domitia-maisondecuisinier.fr\/index.php\/wp-json\/wp\/v2\/pages\/1100\/revisions"}],"predecessor-version":[{"id":2614,"href":"https:\/\/domitia-maisondecuisinier.fr\/index.php\/wp-json\/wp\/v2\/pages\/1100\/revisions\/2614"}],"wp:attachment":[{"href":"https:\/\/domitia-maisondecuisinier.fr\/index.php\/wp-json\/wp\/v2\/media?parent=1100"}],"curies":[{"name":"wp","href":"https:\/\/api.w.org\/{rel}","templated":true}]}}